{"id":196,"date":"2023-12-01T12:34:51","date_gmt":"2023-12-01T11:34:51","guid":{"rendered":"https:\/\/www.bioenergia.uchile.cl\/?page_id=196"},"modified":"2024-03-18T17:20:33","modified_gmt":"2024-03-18T16:20:33","slug":"fic-energia-solar","status":"publish","type":"page","link":"https:\/\/www.bioenergia.uchile.cl\/index.php\/fic-energia-solar\/","title":{"rendered":"FIC ENERGIA SOLAR"},"content":{"rendered":"<p><strong>Noticias<\/strong><\/p>\n<p>Durante noviembre 2023, enmarcado en el proyecto FIC-R Coquimbo 2021,\u00a0 se ha iniciado al construcci\u00f3n del primer prototipo en la Planta Quesera del se\u00f1or Jaime Brice\u00f1o, lo cual se compone en la instalaci\u00f3n de 4 paneles de 510Wp y un inversor de 3 Kwp, lo que permitir\u00e1 darle la energ\u00eda al visicooler que mantendr\u00e1 los quesos maduros como de la leche que no haya podido procesar, adem\u00e1s del funcionamiento de un sistema de aire acondicionado que mantendr\u00e1 la temperatura optima al proceso de maduraci\u00f3n del queso.<\/p>\n<div id='gallery-1' class='gallery galleryid-196 gallery-columns-3 gallery-size-thumbnail'><figure class='gallery-item'>\n\t\t\t<div class='gallery-icon landscape'>\n\t\t\t\t<a href='https:\/\/www.bioenergia.uchile.cl\/index.php\/fic-energia-solar\/20231113_124325019\/'><img loading=\"lazy\" decoding=\"async\" width=\"150\" height=\"150\" src=\"https:\/\/www.bioenergia.uchile.cl\/wp-content\/uploads\/2023\/12\/20231113_124325019-150x150.jpg\" class=\"attachment-thumbnail size-thumbnail\" alt=\"\" aria-describedby=\"gallery-1-206\" srcset=\"https:\/\/www.bioenergia.uchile.cl\/wp-content\/uploads\/2023\/12\/20231113_124325019-150x150.jpg 150w, https:\/\/www.bioenergia.uchile.cl\/wp-content\/uploads\/2023\/12\/20231113_124325019-300x300.jpg 300w, https:\/\/www.bioenergia.uchile.cl\/wp-content\/uploads\/2023\/12\/20231113_124325019-1024x1024.jpg 1024w, https:\/\/www.bioenergia.uchile.cl\/wp-content\/uploads\/2023\/12\/20231113_124325019-768x768.jpg 768w, https:\/\/www.bioenergia.uchile.cl\/wp-content\/uploads\/2023\/12\/20231113_124325019-1536x1536.jpg 1536w, https:\/\/www.bioenergia.uchile.cl\/wp-content\/uploads\/2023\/12\/20231113_124325019-2048x2048.jpg 2048w, https:\/\/www.bioenergia.uchile.cl\/wp-content\/uploads\/2023\/12\/20231113_124325019-100x100.jpg 100w\" sizes=\"auto, 100vw\" \/><\/a>\n\t\t\t<\/div>\n\t\t\t\t<figcaption class='wp-caption-text gallery-caption' id='gallery-1-206'>\n\t\t\t\tinstalacion paneles\n\t\t\t\t<\/figcaption><\/figure><figure class='gallery-item'>\n\t\t\t<div class='gallery-icon landscape'>\n\t\t\t\t<a href='https:\/\/www.bioenergia.uchile.cl\/index.php\/fic-energia-solar\/20231113_140601399\/'><img loading=\"lazy\" decoding=\"async\" width=\"150\" height=\"150\" src=\"https:\/\/www.bioenergia.uchile.cl\/wp-content\/uploads\/2023\/12\/20231113_140601399-150x150.jpg\" class=\"attachment-thumbnail size-thumbnail\" alt=\"\" aria-describedby=\"gallery-1-207\" srcset=\"https:\/\/www.bioenergia.uchile.cl\/wp-content\/uploads\/2023\/12\/20231113_140601399-150x150.jpg 150w, https:\/\/www.bioenergia.uchile.cl\/wp-content\/uploads\/2023\/12\/20231113_140601399-300x300.jpg 300w, https:\/\/www.bioenergia.uchile.cl\/wp-content\/uploads\/2023\/12\/20231113_140601399-1024x1024.jpg 1024w, https:\/\/www.bioenergia.uchile.cl\/wp-content\/uploads\/2023\/12\/20231113_140601399-768x768.jpg 768w, https:\/\/www.bioenergia.uchile.cl\/wp-content\/uploads\/2023\/12\/20231113_140601399-1536x1536.jpg 1536w, https:\/\/www.bioenergia.uchile.cl\/wp-content\/uploads\/2023\/12\/20231113_140601399-2048x2048.jpg 2048w, https:\/\/www.bioenergia.uchile.cl\/wp-content\/uploads\/2023\/12\/20231113_140601399-100x100.jpg 100w\" sizes=\"auto, 100vw\" \/><\/a>\n\t\t\t<\/div>\n\t\t\t\t<figcaption class='wp-caption-text gallery-caption' id='gallery-1-207'>\n\t\t\t\tpaneles instalados\n\t\t\t\t<\/figcaption><\/figure><figure class='gallery-item'>\n\t\t\t<div class='gallery-icon landscape'>\n\t\t\t\t<a href='https:\/\/www.bioenergia.uchile.cl\/index.php\/fic-energia-solar\/20231113_172539543\/'><img loading=\"lazy\" decoding=\"async\" width=\"150\" height=\"150\" src=\"https:\/\/www.bioenergia.uchile.cl\/wp-content\/uploads\/2023\/12\/20231113_172539543-150x150.jpg\" class=\"attachment-thumbnail size-thumbnail\" alt=\"\" aria-describedby=\"gallery-1-210\" srcset=\"https:\/\/www.bioenergia.uchile.cl\/wp-content\/uploads\/2023\/12\/20231113_172539543-150x150.jpg 150w, https:\/\/www.bioenergia.uchile.cl\/wp-content\/uploads\/2023\/12\/20231113_172539543-300x300.jpg 300w, https:\/\/www.bioenergia.uchile.cl\/wp-content\/uploads\/2023\/12\/20231113_172539543-1024x1024.jpg 1024w, https:\/\/www.bioenergia.uchile.cl\/wp-content\/uploads\/2023\/12\/20231113_172539543-768x768.jpg 768w, https:\/\/www.bioenergia.uchile.cl\/wp-content\/uploads\/2023\/12\/20231113_172539543-1536x1536.jpg 1536w, https:\/\/www.bioenergia.uchile.cl\/wp-content\/uploads\/2023\/12\/20231113_172539543-2048x2048.jpg 2048w, https:\/\/www.bioenergia.uchile.cl\/wp-content\/uploads\/2023\/12\/20231113_172539543-100x100.jpg 100w\" sizes=\"auto, 100vw\" \/><\/a>\n\t\t\t<\/div>\n\t\t\t\t<figcaption class='wp-caption-text gallery-caption' id='gallery-1-210'>\n\t\t\t\tJaime Brice\u00f1o junto a Visicooler funcionando\n\t\t\t\t<\/figcaption><\/figure><figure class='gallery-item'>\n\t\t\t<div class='gallery-icon landscape'>\n\t\t\t\t<a href='https:\/\/www.bioenergia.uchile.cl\/index.php\/fic-energia-solar\/20231113_172654003\/'><img loading=\"lazy\" decoding=\"async\" width=\"150\" height=\"150\" src=\"https:\/\/www.bioenergia.uchile.cl\/wp-content\/uploads\/2023\/12\/20231113_172654003-150x150.jpg\" class=\"attachment-thumbnail size-thumbnail\" alt=\"\" aria-describedby=\"gallery-1-211\" srcset=\"https:\/\/www.bioenergia.uchile.cl\/wp-content\/uploads\/2023\/12\/20231113_172654003-150x150.jpg 150w, https:\/\/www.bioenergia.uchile.cl\/wp-content\/uploads\/2023\/12\/20231113_172654003-300x300.jpg 300w, https:\/\/www.bioenergia.uchile.cl\/wp-content\/uploads\/2023\/12\/20231113_172654003-1024x1024.jpg 1024w, https:\/\/www.bioenergia.uchile.cl\/wp-content\/uploads\/2023\/12\/20231113_172654003-768x768.jpg 768w, https:\/\/www.bioenergia.uchile.cl\/wp-content\/uploads\/2023\/12\/20231113_172654003-1536x1536.jpg 1536w, https:\/\/www.bioenergia.uchile.cl\/wp-content\/uploads\/2023\/12\/20231113_172654003-2048x2048.jpg 2048w, https:\/\/www.bioenergia.uchile.cl\/wp-content\/uploads\/2023\/12\/20231113_172654003-100x100.jpg 100w\" sizes=\"auto, 100vw\" \/><\/a>\n\t\t\t<\/div>\n\t\t\t\t<figcaption class='wp-caption-text gallery-caption' id='gallery-1-211'>\n\t\t\t\tInterfaz grafica de Inversor\n\t\t\t\t<\/figcaption><\/figure>\n\t\t<\/div>\n\n<p>Adem\u00e1s, en la planta quesera de Pascuala y Javier Olivares, se ha realizado una intervenci\u00f3n mayor, donde para asegurar tener la estructura adecuada para soportar el peso de los equipos solares como termo-solares, se inicio la ampliaci\u00f3n de dicha planta, y mejoras en el techo e instalaci\u00f3n sanitaria de la planta\u00a0 vieja.<\/p>\n<div id='gallery-2' class='gallery galleryid-196 gallery-columns-3 gallery-size-thumbnail'><figure class='gallery-item'>\n\t\t\t<div class='gallery-icon landscape'>\n\t\t\t\t<a href='https:\/\/www.bioenergia.uchile.cl\/index.php\/fic-energia-solar\/20231219_093903542\/'><img loading=\"lazy\" decoding=\"async\" width=\"150\" height=\"150\" src=\"https:\/\/www.bioenergia.uchile.cl\/wp-content\/uploads\/2024\/01\/20231219_093903542-150x150.jpg\" class=\"attachment-thumbnail size-thumbnail\" alt=\"\" aria-describedby=\"gallery-2-250\" srcset=\"https:\/\/www.bioenergia.uchile.cl\/wp-content\/uploads\/2024\/01\/20231219_093903542-150x150.jpg 150w, https:\/\/www.bioenergia.uchile.cl\/wp-content\/uploads\/2024\/01\/20231219_093903542-100x100.jpg 100w\" sizes=\"auto, 100vw\" \/><\/a>\n\t\t\t<\/div>\n\t\t\t\t<figcaption class='wp-caption-text gallery-caption' id='gallery-2-250'>\n\t\t\t\tZona amplaici\u00f3n\n\t\t\t\t<\/figcaption><\/figure><figure class='gallery-item'>\n\t\t\t<div class='gallery-icon landscape'>\n\t\t\t\t<a href='https:\/\/www.bioenergia.uchile.cl\/index.php\/fic-energia-solar\/20231219_145450515\/'><img loading=\"lazy\" decoding=\"async\" width=\"150\" height=\"150\" src=\"https:\/\/www.bioenergia.uchile.cl\/wp-content\/uploads\/2024\/01\/20231219_145450515-150x150.jpg\" class=\"attachment-thumbnail size-thumbnail\" alt=\"\" aria-describedby=\"gallery-2-245\" srcset=\"https:\/\/www.bioenergia.uchile.cl\/wp-content\/uploads\/2024\/01\/20231219_145450515-150x150.jpg 150w, https:\/\/www.bioenergia.uchile.cl\/wp-content\/uploads\/2024\/01\/20231219_145450515-100x100.jpg 100w\" sizes=\"auto, 100vw\" \/><\/a>\n\t\t\t<\/div>\n\t\t\t\t<figcaption class='wp-caption-text gallery-caption' id='gallery-2-245'>\n\t\t\t\tbase para radier\n\t\t\t\t<\/figcaption><\/figure><figure class='gallery-item'>\n\t\t\t<div class='gallery-icon landscape'>\n\t\t\t\t<a href='https:\/\/www.bioenergia.uchile.cl\/index.php\/fic-energia-solar\/20231219_164339603\/'><img loading=\"lazy\" decoding=\"async\" width=\"150\" height=\"150\" src=\"https:\/\/www.bioenergia.uchile.cl\/wp-content\/uploads\/2024\/01\/20231219_164339603-150x150.jpg\" class=\"attachment-thumbnail size-thumbnail\" alt=\"\" aria-describedby=\"gallery-2-251\" srcset=\"https:\/\/www.bioenergia.uchile.cl\/wp-content\/uploads\/2024\/01\/20231219_164339603-150x150.jpg 150w, https:\/\/www.bioenergia.uchile.cl\/wp-content\/uploads\/2024\/01\/20231219_164339603-100x100.jpg 100w\" sizes=\"auto, 100vw\" \/><\/a>\n\t\t\t<\/div>\n\t\t\t\t<figcaption class='wp-caption-text gallery-caption' id='gallery-2-251'>\n\t\t\t\tMontaje estructura muros\n\t\t\t\t<\/figcaption><\/figure><figure class='gallery-item'>\n\t\t\t<div class='gallery-icon landscape'>\n\t\t\t\t<a href='https:\/\/www.bioenergia.uchile.cl\/index.php\/fic-energia-solar\/20231219_161159159\/'><img loading=\"lazy\" decoding=\"async\" width=\"150\" height=\"150\" src=\"https:\/\/www.bioenergia.uchile.cl\/wp-content\/uploads\/2024\/01\/20231219_161159159-150x150.jpg\" class=\"attachment-thumbnail size-thumbnail\" alt=\"\" aria-describedby=\"gallery-2-246\" srcset=\"https:\/\/www.bioenergia.uchile.cl\/wp-content\/uploads\/2024\/01\/20231219_161159159-150x150.jpg 150w, https:\/\/www.bioenergia.uchile.cl\/wp-content\/uploads\/2024\/01\/20231219_161159159-100x100.jpg 100w\" sizes=\"auto, 100vw\" \/><\/a>\n\t\t\t<\/div>\n\t\t\t\t<figcaption class='wp-caption-text gallery-caption' id='gallery-2-246'>\n\t\t\t\tmontaje\n\t\t\t\t<\/figcaption><\/figure><figure class='gallery-item'>\n\t\t\t<div class='gallery-icon landscape'>\n\t\t\t\t<a href='https:\/\/www.bioenergia.uchile.cl\/index.php\/fic-energia-solar\/20231219_164901361\/'><img loading=\"lazy\" decoding=\"async\" width=\"150\" height=\"150\" src=\"https:\/\/www.bioenergia.uchile.cl\/wp-content\/uploads\/2024\/01\/20231219_164901361-150x150.jpg\" class=\"attachment-thumbnail size-thumbnail\" alt=\"\" aria-describedby=\"gallery-2-247\" srcset=\"https:\/\/www.bioenergia.uchile.cl\/wp-content\/uploads\/2024\/01\/20231219_164901361-150x150.jpg 150w, https:\/\/www.bioenergia.uchile.cl\/wp-content\/uploads\/2024\/01\/20231219_164901361-100x100.jpg 100w\" sizes=\"auto, 100vw\" \/><\/a>\n\t\t\t<\/div>\n\t\t\t\t<figcaption class='wp-caption-text gallery-caption' id='gallery-2-247'>\n\t\t\t\tmontaje\n\t\t\t\t<\/figcaption><\/figure><figure class='gallery-item'>\n\t\t\t<div class='gallery-icon landscape'>\n\t\t\t\t<a href='https:\/\/www.bioenergia.uchile.cl\/index.php\/fic-energia-solar\/20231220_122159505\/'><img loading=\"lazy\" decoding=\"async\" width=\"150\" height=\"150\" src=\"https:\/\/www.bioenergia.uchile.cl\/wp-content\/uploads\/2024\/01\/20231220_122159505-150x150.jpg\" class=\"attachment-thumbnail size-thumbnail\" alt=\"\" aria-describedby=\"gallery-2-252\" srcset=\"https:\/\/www.bioenergia.uchile.cl\/wp-content\/uploads\/2024\/01\/20231220_122159505-150x150.jpg 150w, https:\/\/www.bioenergia.uchile.cl\/wp-content\/uploads\/2024\/01\/20231220_122159505-100x100.jpg 100w\" sizes=\"auto, 100vw\" \/><\/a>\n\t\t\t<\/div>\n\t\t\t\t<figcaption class='wp-caption-text gallery-caption' id='gallery-2-252'>\n\t\t\t\tmontaje\n\t\t\t\t<\/figcaption><\/figure><figure class='gallery-item'>\n\t\t\t<div class='gallery-icon landscape'>\n\t\t\t\t<a href='https:\/\/www.bioenergia.uchile.cl\/index.php\/fic-energia-solar\/20231220_122438631\/'><img loading=\"lazy\" decoding=\"async\" width=\"150\" height=\"150\" src=\"https:\/\/www.bioenergia.uchile.cl\/wp-content\/uploads\/2024\/01\/20231220_122438631-150x150.jpg\" class=\"attachment-thumbnail size-thumbnail\" alt=\"\" aria-describedby=\"gallery-2-248\" srcset=\"https:\/\/www.bioenergia.uchile.cl\/wp-content\/uploads\/2024\/01\/20231220_122438631-150x150.jpg 150w, https:\/\/www.bioenergia.uchile.cl\/wp-content\/uploads\/2024\/01\/20231220_122438631-100x100.jpg 100w\" sizes=\"auto, 100vw\" \/><\/a>\n\t\t\t<\/div>\n\t\t\t\t<figcaption class='wp-caption-text gallery-caption' id='gallery-2-248'>\n\t\t\t\tventana zona venta\n\t\t\t\t<\/figcaption><\/figure><figure class='gallery-item'>\n\t\t\t<div class='gallery-icon landscape'>\n\t\t\t\t<a href='https:\/\/www.bioenergia.uchile.cl\/index.php\/fic-energia-solar\/20231220_162316616\/'><img loading=\"lazy\" decoding=\"async\" width=\"150\" height=\"150\" src=\"https:\/\/www.bioenergia.uchile.cl\/wp-content\/uploads\/2024\/01\/20231220_162316616-150x150.jpg\" class=\"attachment-thumbnail size-thumbnail\" alt=\"\" aria-describedby=\"gallery-2-253\" srcset=\"https:\/\/www.bioenergia.uchile.cl\/wp-content\/uploads\/2024\/01\/20231220_162316616-150x150.jpg 150w, https:\/\/www.bioenergia.uchile.cl\/wp-content\/uploads\/2024\/01\/20231220_162316616-100x100.jpg 100w\" sizes=\"auto, 100vw\" \/><\/a>\n\t\t\t<\/div>\n\t\t\t\t<figcaption class='wp-caption-text gallery-caption' id='gallery-2-253'>\n\t\t\t\tconstrucci\u00f3n\n\t\t\t\t<\/figcaption><\/figure><figure class='gallery-item'>\n\t\t\t<div class='gallery-icon landscape'>\n\t\t\t\t<a href='https:\/\/www.bioenergia.uchile.cl\/index.php\/fic-energia-solar\/20240110_124342686\/'><img loading=\"lazy\" decoding=\"async\" width=\"150\" height=\"150\" src=\"https:\/\/www.bioenergia.uchile.cl\/wp-content\/uploads\/2024\/01\/20240110_124342686-150x150.jpg\" class=\"attachment-thumbnail size-thumbnail\" alt=\"\" srcset=\"https:\/\/www.bioenergia.uchile.cl\/wp-content\/uploads\/2024\/01\/20240110_124342686-150x150.jpg 150w, https:\/\/www.bioenergia.uchile.cl\/wp-content\/uploads\/2024\/01\/20240110_124342686-100x100.jpg 100w\" sizes=\"auto, 100vw\" \/><\/a>\n\t\t\t<\/div><\/figure><figure class='gallery-item'>\n\t\t\t<div class='gallery-icon landscape'>\n\t\t\t\t<a href='https:\/\/www.bioenergia.uchile.cl\/index.php\/fic-energia-solar\/20240110_154235516\/'><img loading=\"lazy\" decoding=\"async\" width=\"150\" height=\"150\" src=\"https:\/\/www.bioenergia.uchile.cl\/wp-content\/uploads\/2024\/01\/20240110_154235516-150x150.jpg\" class=\"attachment-thumbnail size-thumbnail\" alt=\"\" aria-describedby=\"gallery-2-256\" srcset=\"https:\/\/www.bioenergia.uchile.cl\/wp-content\/uploads\/2024\/01\/20240110_154235516-150x150.jpg 150w, https:\/\/www.bioenergia.uchile.cl\/wp-content\/uploads\/2024\/01\/20240110_154235516-100x100.jpg 100w\" sizes=\"auto, 100vw\" \/><\/a>\n\t\t\t<\/div>\n\t\t\t\t<figcaption class='wp-caption-text gallery-caption' id='gallery-2-256'>\n\t\t\t\tinstalacion red electrica y aislantes\n\t\t\t\t<\/figcaption><\/figure><figure class='gallery-item'>\n\t\t\t<div class='gallery-icon landscape'>\n\t\t\t\t<a href='https:\/\/www.bioenergia.uchile.cl\/index.php\/fic-energia-solar\/20240110_171833050\/'><img loading=\"lazy\" decoding=\"async\" width=\"150\" height=\"150\" src=\"https:\/\/www.bioenergia.uchile.cl\/wp-content\/uploads\/2024\/01\/20240110_171833050-150x150.jpg\" class=\"attachment-thumbnail size-thumbnail\" alt=\"\" aria-describedby=\"gallery-2-257\" srcset=\"https:\/\/www.bioenergia.uchile.cl\/wp-content\/uploads\/2024\/01\/20240110_171833050-150x150.jpg 150w, https:\/\/www.bioenergia.uchile.cl\/wp-content\/uploads\/2024\/01\/20240110_171833050-100x100.jpg 100w\" sizes=\"auto, 100vw\" \/><\/a>\n\t\t\t<\/div>\n\t\t\t\t<figcaption class='wp-caption-text gallery-caption' id='gallery-2-257'>\n\t\t\t\tcambio techo planta vieja\n\t\t\t\t<\/figcaption><\/figure><figure class='gallery-item'>\n\t\t\t<div class='gallery-icon landscape'>\n\t\t\t\t<a href='https:\/\/www.bioenergia.uchile.cl\/index.php\/fic-energia-solar\/20240111_120629153\/'><img loading=\"lazy\" decoding=\"async\" width=\"150\" height=\"150\" src=\"https:\/\/www.bioenergia.uchile.cl\/wp-content\/uploads\/2024\/01\/20240111_120629153-150x150.jpg\" class=\"attachment-thumbnail size-thumbnail\" alt=\"\" aria-describedby=\"gallery-2-258\" srcset=\"https:\/\/www.bioenergia.uchile.cl\/wp-content\/uploads\/2024\/01\/20240111_120629153-150x150.jpg 150w, https:\/\/www.bioenergia.uchile.cl\/wp-content\/uploads\/2024\/01\/20240111_120629153-100x100.jpg 100w\" sizes=\"auto, 100vw\" \/><\/a>\n\t\t\t<\/div>\n\t\t\t\t<figcaption class='wp-caption-text gallery-caption' id='gallery-2-258'>\n\t\t\t\tcolocar techo nuevo\n\t\t\t\t<\/figcaption><\/figure><figure class='gallery-item'>\n\t\t\t<div class='gallery-icon landscape'>\n\t\t\t\t<a href='https:\/\/www.bioenergia.uchile.cl\/index.php\/fic-energia-solar\/20240111_170347386\/'><img loading=\"lazy\" decoding=\"async\" width=\"150\" height=\"150\" src=\"https:\/\/www.bioenergia.uchile.cl\/wp-content\/uploads\/2024\/01\/20240111_170347386-150x150.jpg\" class=\"attachment-thumbnail size-thumbnail\" alt=\"\" aria-describedby=\"gallery-2-259\" srcset=\"https:\/\/www.bioenergia.uchile.cl\/wp-content\/uploads\/2024\/01\/20240111_170347386-150x150.jpg 150w, https:\/\/www.bioenergia.uchile.cl\/wp-content\/uploads\/2024\/01\/20240111_170347386-100x100.jpg 100w\" sizes=\"auto, 100vw\" \/><\/a>\n\t\t\t<\/div>\n\t\t\t\t<figcaption class='wp-caption-text gallery-caption' id='gallery-2-259'>\n\t\t\t\tinstalaci\u00f3n termosolar\n\t\t\t\t<\/figcaption><\/figure><figure class='gallery-item'>\n\t\t\t<div class='gallery-icon landscape'>\n\t\t\t\t<a href='https:\/\/www.bioenergia.uchile.cl\/index.php\/fic-energia-solar\/20240111_171704936\/'><img loading=\"lazy\" decoding=\"async\" width=\"150\" height=\"150\" src=\"https:\/\/www.bioenergia.uchile.cl\/wp-content\/uploads\/2024\/01\/20240111_171704936-150x150.jpg\" class=\"attachment-thumbnail size-thumbnail\" alt=\"\" aria-describedby=\"gallery-2-260\" srcset=\"https:\/\/www.bioenergia.uchile.cl\/wp-content\/uploads\/2024\/01\/20240111_171704936-150x150.jpg 150w, https:\/\/www.bioenergia.uchile.cl\/wp-content\/uploads\/2024\/01\/20240111_171704936-100x100.jpg 100w\" sizes=\"auto, 100vw\" \/><\/a>\n\t\t\t<\/div>\n\t\t\t\t<figcaption class='wp-caption-text gallery-caption' id='gallery-2-260'>\n\t\t\t\tAmpliaci\u00f3n planta quesera\n\t\t\t\t<\/figcaption><\/figure>\n\t\t<\/div>\n\n<p>Por ultimo, se han realizado las instalaciones en el primer prototipo de caleta Pesquera, correspondiendo a la de Totoralillo Norte<\/p>\n<blockquote class=\"wp-embedded-content\" data-secret=\"kj9fTOK1xP\"><p><a href=\"https:\/\/www.bioenergia.uchile.cl\/index.php\/2023\/12\/06\/noticiasfic\/\">noticiasFIC<\/a><\/p><\/blockquote>\n<p><iframe loading=\"lazy\" class=\"wp-embedded-content\" sandbox=\"allow-scripts\" security=\"restricted\" style=\"position: absolute; clip: rect(1px, 1px, 1px, 1px);\" title=\"\u00abnoticiasFIC\u00bb \u2014 bioenergia\" src=\"https:\/\/www.bioenergia.uchile.cl\/index.php\/2023\/12\/06\/noticiasfic\/embed\/#?secret=EsahHzMdFd#?secret=kj9fTOK1xP\" data-secret=\"kj9fTOK1xP\" width=\"525\" height=\"296\" frameborder=\"0\" marginwidth=\"0\" marginheight=\"0\" scrolling=\"no\"><\/iframe><\/p>\n","protected":false},"excerpt":{"rendered":"<p>Noticias Durante noviembre 2023, enmarcado en el proyecto FIC-R Coquimbo 2021,\u00a0 se ha iniciado al construcci\u00f3n del primer prototipo en la Planta Quesera del se\u00f1or Jaime Brice\u00f1o, lo cual se compone en la instalaci\u00f3n de 4 paneles de 510Wp y un inversor de 3 Kwp, lo que permitir\u00e1 darle la energ\u00eda al visicooler que mantendr\u00e1 &hellip; <\/p>\n<p class=\"link-more\"><a href=\"https:\/\/www.bioenergia.uchile.cl\/index.php\/fic-energia-solar\/\" class=\"more-link\">Continuar leyendo<span class=\"screen-reader-text\"> \u00abFIC ENERGIA SOLAR\u00bb<\/span><\/a><\/p>\n","protected":false},"author":2,"featured_media":180,"parent":0,"menu_order":0,"comment_status":"closed","ping_status":"closed","template":"","meta":{"footnotes":""},"class_list":["post-196","page","type-page","status-publish","has-post-thumbnail","hentry"],"_links":{"self":[{"href":"https:\/\/www.bioenergia.uchile.cl\/index.php\/wp-json\/wp\/v2\/pages\/196","targetHints":{"allow":["GET"]}}],"collection":[{"href":"https:\/\/www.bioenergia.uchile.cl\/index.php\/wp-json\/wp\/v2\/pages"}],"about":[{"href":"https:\/\/www.bioenergia.uchile.cl\/index.php\/wp-json\/wp\/v2\/types\/page"}],"author":[{"embeddable":true,"href":"https:\/\/www.bioenergia.uchile.cl\/index.php\/wp-json\/wp\/v2\/users\/2"}],"replies":[{"embeddable":true,"href":"https:\/\/www.bioenergia.uchile.cl\/index.php\/wp-json\/wp\/v2\/comments?post=196"}],"version-history":[{"count":11,"href":"https:\/\/www.bioenergia.uchile.cl\/index.php\/wp-json\/wp\/v2\/pages\/196\/revisions"}],"predecessor-version":[{"id":273,"href":"https:\/\/www.bioenergia.uchile.cl\/index.php\/wp-json\/wp\/v2\/pages\/196\/revisions\/273"}],"wp:featuredmedia":[{"embeddable":true,"href":"https:\/\/www.bioenergia.uchile.cl\/index.php\/wp-json\/wp\/v2\/media\/180"}],"wp:attachment":[{"href":"https:\/\/www.bioenergia.uchile.cl\/index.php\/wp-json\/wp\/v2\/media?parent=196"}],"curies":[{"name":"wp","href":"https:\/\/api.w.org\/{rel}","templated":true}]}}